{"id":12,"date":"2015-12-18T06:41:43","date_gmt":"2015-12-18T06:41:43","guid":{"rendered":"http:\/\/localhost\/cokhicst\/?page_id=12"},"modified":"2018-07-25T10:50:04","modified_gmt":"2018-07-25T03:50:04","slug":"gioi-thieu","status":"publish","type":"page","link":"https:\/\/kingkong-vietsu.com\/vi\/gioi-thieu\/","title":{"rendered":"Gi\u1edbi thi\u1ec7u"},"content":{"rendered":"C\u00f4ng ty ch\u00fang t\u00f4i \u0111\u01b0\u1ee3c th\u00e0nh l\u1eadp t\u1ea1i Vi\u1ec7t Nam v\u00e0o n\u0103m 2014 v\u00e0 l\u1ea5y t\u00ean l\u00e0 c\u00f4ng ty King Kong v\u00e0o th\u00e1ng 8 n\u0103m 2016. Ch\u00fang t\u00f4i \u0111\u1eb7c bi\u1ec7t xu\u1ea5t kh\u1ea9u m\u1eb7t h\u00e0ng nh\u01b0: tr\u00e1i c\u00e2y, m\u1eb7t h\u00e0ng n\u00f4ng s\u1ea3n, c\u00e1c lo\u1ea1i gia v\u1ecb, h\u1ea3i s\u1ea3n, qu\u1ea7n \u00e1o v\u00e0 gi\u00e0y d\u00e9p,&#8230;.<\/p>\n<p>Th\u1ecb tr\u01b0\u1eddng xu\u1ea5t kh\u1ea9u ch\u00ednh t\u1ea1i c\u00e1c n\u01b0\u1edbc \u0110\u00f4ng Nam \u00c1, Trung \u0110\u00f4ng, Ch\u00e2u Phi v\u00e0 Ch\u00e2u \u00c2u,&#8230;<\/p>\n<p>Ch\u00fang t\u00f4i cung c\u1ea5p \u0111\u1ea7y \u0111\u1ee7 c\u00e1c d\u1ecbch v\u1ee5 v\u1ec1 logistics, nh\u00e0 kho v\u00e0 b\u1ea3o hi\u1ec3m nh\u1eb1m \u0111\u1ec3 ch\u1eafc ch\u1eafn r\u1eb1ng h\u00e0ng h\u00f3a c\u1ee7a kh\u00e1ch h\u00e0ng lu\u00f4n an to\u00e0n, \u0111\u00fang gi\u1edd, gi\u00e1 c\u1ea3 c\u1ea1nh tranh v\u1edbi m\u1ed9t chi ph\u00ed h\u1ee3p l\u00fd.<\/p>\n<p>Ngo\u00e0i ra, c\u00f4ng ty th\u01b0\u1eddng xuy\u00ean nh\u1eadp kh\u1ea9u m\u1eb7t h\u00e0ng Gum Arabic cung cho c\u00e1c c\u00f4ng ty t\u1ea1i Vi\u1ec7t Nam.<\/p>\n<p>\u0110\u1ec3 bi\u1ebft th\u00eam th\u00f4ng tin, kh\u00e1ch h\u00e0ng vui l\u00f2ng li\u00ean h\u1ec7 tr\u1ef1c ti\u1ebfp v\u1edbi ch\u00fang t\u00f4i.<\/p>\n<p>&nbsp;","protected":false},"excerpt":{"rendered":"<p>C\u00f4ng ty ch\u00fang t\u00f4i \u0111\u01b0\u1ee3c th\u00e0nh l\u1eadp t\u1ea1i Vi\u1ec7t Nam v\u00e0o n\u0103m 2014 v\u00e0 l\u1ea5y t\u00ean l\u00e0 c\u00f4ng ty King Kong v\u00e0o th\u00e1ng 8 n\u0103m 2016. Ch\u00fang t\u00f4i \u0111\u1eb7c bi\u1ec7t xu\u1ea5t kh\u1ea9u m\u1eb7t h\u00e0ng nh\u01b0: tr\u00e1i c\u00e2y, m\u1eb7t h\u00e0ng n\u00f4ng &hellip; <a href=\"https:\/\/kingkong-vietsu.com\/vi\/gioi-thieu\/\">Continued<\/a><\/p>\n","protected":false},"author":1,"featured_media":0,"parent":0,"menu_order":0,"comment_status":"closed","ping_status":"closed","template":"","meta":[],"_links":{"self":[{"href":"https:\/\/kingkong-vietsu.com\/vi\/wp-json\/wp\/v2\/pages\/12"}],"collection":[{"href":"https:\/\/kingkong-vietsu.com\/vi\/wp-json\/wp\/v2\/pages"}],"about":[{"href":"https:\/\/kingkong-vietsu.com\/vi\/wp-json\/wp\/v2\/types\/page"}],"author":[{"embeddable":true,"href":"https:\/\/kingkong-vietsu.com\/vi\/wp-json\/wp\/v2\/users\/1"}],"replies":[{"embeddable":true,"href":"https:\/\/kingkong-vietsu.com\/vi\/wp-json\/wp\/v2\/comments?post=12"}],"version-history":[{"count":0,"href":"https:\/\/kingkong-vietsu.com\/vi\/wp-json\/wp\/v2\/pages\/12\/revisions"}],"wp:attachment":[{"href":"https:\/\/kingkong-vietsu.com\/vi\/wp-json\/wp\/v2\/media?parent=12"}],"curies":[{"name":"wp","href":"https:\/\/api.w.org\/{rel}","templated":true}]}}