{"id":1800,"date":"2017-07-18T10:48:23","date_gmt":"2017-07-18T03:48:23","guid":{"rendered":"http:\/\/kingkong-vietsu.com\/?post_type=product&#038;p=1800"},"modified":"2018-11-30T22:37:40","modified_gmt":"2018-11-30T15:37:40","slug":"coffee-2","status":"publish","type":"product","link":"https:\/\/kingkong-vietsu.com\/vi\/san-pham\/coffee-2\/","title":{"rendered":"C\u00c0 PH\u00ca"},"content":{"rendered":"","protected":false},"excerpt":{"rendered":"<p>K\u00edch th\u01b0\u1edbc: 16, 18<\/p>\n<p>\u0110\u1ed9 \u1ea9m: t\u1ed1i \u0111a 12,5%<\/p>\n<p>H\u1ea1t v\u1ee1: t\u1ed1i \u0111a 2%<br \/>\n\u0110\u00f3ng g\u00f3i: 60kg\/ bao<br \/>\n(19.2 t\u1ea5n\/ container)<\/p>\n<p>Ho\u1eb7c theo y\u00eau c\u1ea7u mua h\u00e0ng<\/p>\n<p>For further information, please feel free contact with us:<\/p>\n<ul>\n<li>KING KONG IMPORT EXPORT CO.,LTD<\/li>\n<li>Add: Sao Mai Building, 2nd floor, 66C Pho Duc Chinh<\/li>\n<li>Street, Nguyen Thai Binh Ward, Dist 1, Ho Chi Minh, VietNam<\/li>\n<li>Tel: +84 28 66502277 &#8211; HOTLINE: +84 906.999.620 (whatsapp\/viber)<\/li>\n<li>Skype: KINGKONG-VIETSU VIETNAM<\/li>\n<li>Email: sales@kingkong-vietsu.com<\/li>\n<li>Website: www.kingkong-vietsu.com<\/li>\n<\/ul>\n","protected":false},"featured_media":1799,"comment_status":"open","ping_status":"closed","template":"","meta":[],"_links":{"self":[{"href":"https:\/\/kingkong-vietsu.com\/vi\/wp-json\/wp\/v2\/product\/1800"}],"collection":[{"href":"https:\/\/kingkong-vietsu.com\/vi\/wp-json\/wp\/v2\/product"}],"about":[{"href":"https:\/\/kingkong-vietsu.com\/vi\/wp-json\/wp\/v2\/types\/product"}],"replies":[{"embeddable":true,"href":"https:\/\/kingkong-vietsu.com\/vi\/wp-json\/wp\/v2\/comments?post=1800"}],"wp:featuredmedia":[{"embeddable":true,"href":"https:\/\/kingkong-vietsu.com\/vi\/wp-json\/wp\/v2\/media\/1799"}],"wp:attachment":[{"href":"https:\/\/kingkong-vietsu.com\/vi\/wp-json\/wp\/v2\/media?parent=1800"}],"curies":[{"name":"wp","href":"https:\/\/api.w.org\/{rel}","templated":true}]}}