{"id":1848,"date":"2017-07-18T16:37:13","date_gmt":"2017-07-18T09:37:13","guid":{"rendered":"http:\/\/kingkong-vietsu.com\/?post_type=product&#038;p=1848"},"modified":"2018-11-30T22:36:53","modified_gmt":"2018-11-30T15:36:53","slug":"banana","status":"publish","type":"product","link":"https:\/\/kingkong-vietsu.com\/vi\/san-pham\/banana\/","title":{"rendered":"CHU\u1ed0I CAVENDISH"},"content":{"rendered":"","protected":false},"excerpt":{"rendered":"<ul>\n<li>Gi\u1ed1ng chu\u1ed1i: chu\u1ed1i Cavendish<\/li>\n<li>\u0110\u00f3ng g\u00f3i: 13 kg\/ th\u00f9ng<\/li>\n<li>Chi\u1ec1u d\u00e0i qu\u1ea3:\u00a015 -22 cm<\/li>\n<li>\u0110i\u1ec1u ki\u1ec7n giao h\u00e0ng:\u00a0FOB, CFR, CNF, CIF\u2026<\/li>\n<li>Xu\u1ea5t x\u1ee9: Vi\u1ec7t Nam<\/li>\n<li>Vui l\u00f2ng li\u00ean h\u1ec7 v\u1edbi ch\u00fang t\u00f4i\u00a0\u0111\u1ec3 c\u00f3 gi\u00e1 t\u1ed1t nh\u1ea5t<\/li>\n<\/ul>\n<p>For further information, please feel free contact with us:<\/p>\n<ul>\n<li>KING KONG IMPORT EXPORT CO.,LTD<\/li>\n<li>Add: Sao Mai Building, 2nd floor, 66C Pho Duc Chinh<\/li>\n<li>Street, Nguyen Thai Binh Ward, Dist 1, Ho Chi Minh, VietNam<\/li>\n<li>Tel: +84 28 66502277 &#8211; HOTLINE: +84 906.999.620 (whatsapp\/viber)<\/li>\n<li>Skype: KINGKONG-VIETSU VIETNAM<\/li>\n<li>Email: sales@kingkong-vietsu.com<\/li>\n<li>Website: www.kingkong-vietsu.com<\/li>\n<\/ul>\n<p>&nbsp;<\/p>\n","protected":false},"featured_media":2879,"comment_status":"open","ping_status":"closed","template":"","meta":[],"_links":{"self":[{"href":"https:\/\/kingkong-vietsu.com\/vi\/wp-json\/wp\/v2\/product\/1848"}],"collection":[{"href":"https:\/\/kingkong-vietsu.com\/vi\/wp-json\/wp\/v2\/product"}],"about":[{"href":"https:\/\/kingkong-vietsu.com\/vi\/wp-json\/wp\/v2\/types\/product"}],"replies":[{"embeddable":true,"href":"https:\/\/kingkong-vietsu.com\/vi\/wp-json\/wp\/v2\/comments?post=1848"}],"wp:featuredmedia":[{"embeddable":true,"href":"https:\/\/kingkong-vietsu.com\/vi\/wp-json\/wp\/v2\/media\/2879"}],"wp:attachment":[{"href":"https:\/\/kingkong-vietsu.com\/vi\/wp-json\/wp\/v2\/media?parent=1848"}],"curies":[{"name":"wp","href":"https:\/\/api.w.org\/{rel}","templated":true}]}}