{"id":1986,"date":"2017-07-20T17:38:11","date_gmt":"2017-07-20T10:38:11","guid":{"rendered":"http:\/\/kingkong-vietsu.com\/?post_type=product&#038;p=1986"},"modified":"2018-11-30T22:34:19","modified_gmt":"2018-11-30T15:34:19","slug":"plywood","status":"publish","type":"product","link":"https:\/\/kingkong-vietsu.com\/vi\/san-pham\/plywood\/","title":{"rendered":"PLYWOOD"},"content":{"rendered":"","protected":false},"excerpt":{"rendered":"<p>Xu\u1ea5t x\u1ee9: VI\u1ec6T NAM<\/p>\n<p>\u0110\u00f3ng g\u00f3i: theo y\u00eau c\u1ea7u kh\u00e1ch h\u00e0ng<\/p>\n<p>For further information, please feel free contact with us:<\/p>\n<ul>\n<li>KING KONG IMPORT EXPORT CO.,LTD<\/li>\n<li>Add: Sao Mai Building, 2nd floor, 66C Pho Duc Chinh<\/li>\n<li>Street, Nguyen Thai Binh Ward, Dist 1, Ho Chi Minh, VietNam<\/li>\n<li>Tel: +84 28 66502277 &#8211; HOTLINE: +84 906.999.620 (whatsapp\/viber)<\/li>\n<li>Skype: KINGKONG-VIETSU VIETNAM<\/li>\n<li>Email: sales@kingkong-vietsu.com<\/li>\n<li>Website: www.kingkong-vietsu.com<\/li>\n<\/ul>\n","protected":false},"featured_media":1989,"comment_status":"open","ping_status":"closed","template":"","meta":[],"_links":{"self":[{"href":"https:\/\/kingkong-vietsu.com\/vi\/wp-json\/wp\/v2\/product\/1986"}],"collection":[{"href":"https:\/\/kingkong-vietsu.com\/vi\/wp-json\/wp\/v2\/product"}],"about":[{"href":"https:\/\/kingkong-vietsu.com\/vi\/wp-json\/wp\/v2\/types\/product"}],"replies":[{"embeddable":true,"href":"https:\/\/kingkong-vietsu.com\/vi\/wp-json\/wp\/v2\/comments?post=1986"}],"wp:featuredmedia":[{"embeddable":true,"href":"https:\/\/kingkong-vietsu.com\/vi\/wp-json\/wp\/v2\/media\/1989"}],"wp:attachment":[{"href":"https:\/\/kingkong-vietsu.com\/vi\/wp-json\/wp\/v2\/media?parent=1986"}],"curies":[{"name":"wp","href":"https:\/\/api.w.org\/{rel}","templated":true}]}}