{"id":2013,"date":"2017-07-24T09:38:55","date_gmt":"2017-07-24T02:38:55","guid":{"rendered":"http:\/\/kingkong-vietsu.com\/?post_type=product&#038;p=2013"},"modified":"2018-11-30T22:33:05","modified_gmt":"2018-11-30T15:33:05","slug":"cashew-nut","status":"publish","type":"product","link":"https:\/\/kingkong-vietsu.com\/vi\/san-pham\/cashew-nut\/","title":{"rendered":"H\u1ea0T \u0110I\u1ec0U"},"content":{"rendered":"Xu\u1ea5t x\u1ee9: VI\u1ec6T NAM<\/p>\n<p>Lo\u1ea1i: h\u1eadt \u0111i\u1ec1u kh\u00f4ng v\u1ecf ho\u1eb7c c\u00f3 v\u1ecf<\/p>\n<p>\u0110\u00f3ng g\u00f3i: theo y\u00eau c\u1ea7u kh\u00e1ch h\u00e0ng<\/p>\n<p>&nbsp;","protected":false},"excerpt":{"rendered":"<p>For further information, please feel free contact with us:<\/p>\n<ul>\n<li>KING KONG IMPORT EXPORT CO.,LTD<\/li>\n<li>Add: Sao Mai Building, 2nd floor, 66C Pho Duc Chinh<\/li>\n<li>Street, Nguyen Thai Binh Ward, Dist 1, Ho Chi Minh, VietNam<\/li>\n<li>Tel: +84 28 66502277 &#8211; HOTLINE: +84 906.999.620 (whatsapp\/viber)<\/li>\n<li>Skype: KINGKONG-VIETSU VIETNAM<\/li>\n<li>Email: sales@kingkong-vietsu.com<\/li>\n<li>Website: www.kingkong-vietsu.com<\/li>\n<\/ul>\n","protected":false},"featured_media":2448,"comment_status":"open","ping_status":"closed","template":"","meta":[],"_links":{"self":[{"href":"https:\/\/kingkong-vietsu.com\/vi\/wp-json\/wp\/v2\/product\/2013"}],"collection":[{"href":"https:\/\/kingkong-vietsu.com\/vi\/wp-json\/wp\/v2\/product"}],"about":[{"href":"https:\/\/kingkong-vietsu.com\/vi\/wp-json\/wp\/v2\/types\/product"}],"replies":[{"embeddable":true,"href":"https:\/\/kingkong-vietsu.com\/vi\/wp-json\/wp\/v2\/comments?post=2013"}],"wp:featuredmedia":[{"embeddable":true,"href":"https:\/\/kingkong-vietsu.com\/vi\/wp-json\/wp\/v2\/media\/2448"}],"wp:attachment":[{"href":"https:\/\/kingkong-vietsu.com\/vi\/wp-json\/wp\/v2\/media?parent=2013"}],"curies":[{"name":"wp","href":"https:\/\/api.w.org\/{rel}","templated":true}]}}