{"id":2527,"date":"2017-08-17T14:51:36","date_gmt":"2017-08-17T07:51:36","guid":{"rendered":"http:\/\/kingkong-vietsu.com\/?post_type=product&#038;p=2527"},"modified":"2018-11-30T22:31:11","modified_gmt":"2018-11-30T15:31:11","slug":"agarwood","status":"publish","type":"product","link":"https:\/\/kingkong-vietsu.com\/vi\/san-pham\/agarwood\/","title":{"rendered":"TR\u1ea6M H\u01af\u01a0NG"},"content":{"rendered":"Xu\u1ea5t x\u1ee9: Vi\u1ec7t Nam<\/p>\n<p>Lo\u1ea1i: d\u1ea7u\/ g\u1ed7\/ v\u1ecf b\u00e0o tr\u1ea7m h\u01b0\u01a1ng<\/p>\n<p>\u0110\u00f3ng g\u00f3i: theo y\u00eau c\u1ea7u kh\u00e1ch h\u00e0ng","protected":false},"excerpt":{"rendered":"<p>Xu\u1ea5t x\u1ee9: Vi\u1ec7t Nam<\/p>\n<p>Lo\u1ea1i: d\u1ea7u\/ g\u1ed7\/ v\u1ecf b\u00e0o tr\u1ea7m h\u01b0\u01a1ng<\/p>\n<p>For further information, please feel free contact with us:<\/p>\n<ul>\n<li>KING KONG IMPORT EXPORT CO.,LTD<\/li>\n<li>Add: Sao Mai Building, 2nd floor, 66C Pho Duc Chinh<\/li>\n<li>Street, Nguyen Thai Binh Ward, Dist 1, Ho Chi Minh, VietNam<\/li>\n<li>Tel: +84 28 66502277 &#8211; HOTLINE: +84 906.999.620 (whatsapp\/viber)<\/li>\n<li>Skype: KINGKONG-VIETSU VIETNAM<\/li>\n<li>Email: sales@kingkong-vietsu.com<\/li>\n<li>Website: www.kingkong-vietsu.com<\/li>\n<\/ul>\n<p>&nbsp;<\/p>\n<p>&nbsp;<\/p>\n","protected":false},"featured_media":2455,"comment_status":"open","ping_status":"closed","template":"","meta":[],"_links":{"self":[{"href":"https:\/\/kingkong-vietsu.com\/vi\/wp-json\/wp\/v2\/product\/2527"}],"collection":[{"href":"https:\/\/kingkong-vietsu.com\/vi\/wp-json\/wp\/v2\/product"}],"about":[{"href":"https:\/\/kingkong-vietsu.com\/vi\/wp-json\/wp\/v2\/types\/product"}],"replies":[{"embeddable":true,"href":"https:\/\/kingkong-vietsu.com\/vi\/wp-json\/wp\/v2\/comments?post=2527"}],"wp:featuredmedia":[{"embeddable":true,"href":"https:\/\/kingkong-vietsu.com\/vi\/wp-json\/wp\/v2\/media\/2455"}],"wp:attachment":[{"href":"https:\/\/kingkong-vietsu.com\/vi\/wp-json\/wp\/v2\/media?parent=2527"}],"curies":[{"name":"wp","href":"https:\/\/api.w.org\/{rel}","templated":true}]}}