{"id":2673,"date":"2017-10-06T15:04:12","date_gmt":"2017-10-06T08:04:12","guid":{"rendered":"http:\/\/kingkong-vietsu.com\/?post_type=product&#038;p=2673"},"modified":"2018-11-30T22:28:37","modified_gmt":"2018-11-30T15:28:37","slug":"stick-cassia","status":"publish","type":"product","link":"https:\/\/kingkong-vietsu.com\/vi\/san-pham\/stick-cassia\/","title":{"rendered":"QU\u1ebe"},"content":{"rendered":"","protected":false},"excerpt":{"rendered":"<p>Th\u1ee7y ph\u1ea7n: t\u1ed1i \u0111a 13.5%<\/p>\n<p>T\u1ea1p ch\u1ea5t: t\u1ed1i \u0111a: 0.5%<\/p>\n<p>K\u00edch c\u1ee1: 8cm<\/p>\n<p>M\u00e0u s\u1eafc: v\u00e0ng \u0111\u1eadm, \u0111\u1ecf, kh\u00f4ng n\u1ea5m m\u1ed1c<\/p>\n<p>\u0110\u00f3ng g\u00f3i: 10kg\/ th\u00f9ng<\/p>\n<p>S\u1ee9c ch\u1ee9a trong container 6MT\/ 20DC<\/p>\n<p>For further information, please feel free contact with us:<\/p>\n<ul>\n<li>KING KONG IMPORT EXPORT CO.,LTD<\/li>\n<li>Add: Sao Mai Building, 2nd floor, 66C Pho Duc Chinh<\/li>\n<li>Street, Nguyen Thai Binh Ward, Dist 1, Ho Chi Minh, VietNam<\/li>\n<li>Tel: +84 28 66502277 &#8211; HOTLINE: +84 906.999.620 (whatsapp\/viber)<\/li>\n<li>Skype: KINGKONG-VIETSU VIETNAM<\/li>\n<li>Email: sales@kingkong-vietsu.com<\/li>\n<li>Website: www.kingkong-vietsu.com<\/li>\n<\/ul>\n","protected":false},"featured_media":2921,"comment_status":"open","ping_status":"closed","template":"","meta":[],"_links":{"self":[{"href":"https:\/\/kingkong-vietsu.com\/vi\/wp-json\/wp\/v2\/product\/2673"}],"collection":[{"href":"https:\/\/kingkong-vietsu.com\/vi\/wp-json\/wp\/v2\/product"}],"about":[{"href":"https:\/\/kingkong-vietsu.com\/vi\/wp-json\/wp\/v2\/types\/product"}],"replies":[{"embeddable":true,"href":"https:\/\/kingkong-vietsu.com\/vi\/wp-json\/wp\/v2\/comments?post=2673"}],"wp:featuredmedia":[{"embeddable":true,"href":"https:\/\/kingkong-vietsu.com\/vi\/wp-json\/wp\/v2\/media\/2921"}],"wp:attachment":[{"href":"https:\/\/kingkong-vietsu.com\/vi\/wp-json\/wp\/v2\/media?parent=2673"}],"curies":[{"name":"wp","href":"https:\/\/api.w.org\/{rel}","templated":true}]}}