{"id":2695,"date":"2017-11-30T09:46:09","date_gmt":"2017-11-30T02:46:09","guid":{"rendered":"http:\/\/kingkong-vietsu.com\/?post_type=product&#038;p=2695"},"modified":"2018-11-30T22:28:22","modified_gmt":"2018-11-30T15:28:22","slug":"gung-tuoi","status":"publish","type":"product","link":"https:\/\/kingkong-vietsu.com\/vi\/san-pham\/gung-tuoi\/","title":{"rendered":"G\u1eeaNG T\u01af\u01a0I"},"content":{"rendered":"","protected":false},"excerpt":{"rendered":"<p>G\u1eebng t\u01b0\u01a1i<\/p>\n<p>Lo\u1ea1i: G\u1eebng gi\u00e0<\/p>\n<p>K\u00edch c\u1ee1: 100gram \/ 150gram \/ 200 gram \/ 250 gram tr\u1edf l\u00ean<\/p>\n<p>\u0110\u00e3 r\u1eeda s\u1ea1ch<\/p>\n<p>\u0110\u00f3ng g\u00f3i: 7kg\/ carton, 10kg-20kg \/ t\u00fai l\u01b0\u1edbi ho\u1eb7c theo y\u00eau c\u1ea7u kh\u00e1ch h\u00e0ng.<\/p>\n<p>For further information, please feel free contact with us:<\/p>\n<ul>\n<li>KING KONG IMPORT EXPORT CO.,LTD<\/li>\n<li>Add: Sao Mai Building, 2nd floor, 66C Pho Duc Chinh<\/li>\n<li>Street, Nguyen Thai Binh Ward, Dist 1, Ho Chi Minh, VietNam<\/li>\n<li>Tel: +84 28 66502277 &#8211; HOTLINE: +84 906.999.620 (whatsapp\/viber)<\/li>\n<li>Skype: KINGKONG-VIETSU VIETNAM<\/li>\n<li>Email: sales@kingkong-vietsu.com<\/li>\n<li>Website: www.kingkong-vietsu.com<\/li>\n<\/ul>\n<p>&nbsp;<\/p>\n","protected":false},"featured_media":2696,"comment_status":"open","ping_status":"closed","template":"","meta":[],"_links":{"self":[{"href":"https:\/\/kingkong-vietsu.com\/vi\/wp-json\/wp\/v2\/product\/2695"}],"collection":[{"href":"https:\/\/kingkong-vietsu.com\/vi\/wp-json\/wp\/v2\/product"}],"about":[{"href":"https:\/\/kingkong-vietsu.com\/vi\/wp-json\/wp\/v2\/types\/product"}],"replies":[{"embeddable":true,"href":"https:\/\/kingkong-vietsu.com\/vi\/wp-json\/wp\/v2\/comments?post=2695"}],"wp:featuredmedia":[{"embeddable":true,"href":"https:\/\/kingkong-vietsu.com\/vi\/wp-json\/wp\/v2\/media\/2696"}],"wp:attachment":[{"href":"https:\/\/kingkong-vietsu.com\/vi\/wp-json\/wp\/v2\/media?parent=2695"}],"curies":[{"name":"wp","href":"https:\/\/api.w.org\/{rel}","templated":true}]}}