{"id":2714,"date":"2018-03-07T09:41:35","date_gmt":"2018-03-07T02:41:35","guid":{"rendered":"http:\/\/kingkong-vietsu.com\/?post_type=product&#038;p=2714"},"modified":"2018-11-30T22:17:21","modified_gmt":"2018-11-30T15:17:21","slug":"tram-huong-dang-mieng","status":"publish","type":"product","link":"https:\/\/kingkong-vietsu.com\/vi\/san-pham\/tram-huong-dang-mieng\/","title":{"rendered":"TR\u1ea6M H\u01af\u01a0NG D\u1ea0NG MI\u1ebeNG"},"content":{"rendered":"Xu\u1ea5t x\u1ee9: Vi\u1ec7t Nam<br \/>\n\u0110\u00f3ng g\u00f3i: Theo y\u00eau c\u1ea7u c\u1ee7a kh\u00e1ch h\u00e0ng<br \/>\nSize: Theo y\u00eau c\u1ea7u c\u1ee7a kh\u00e1ch h\u00e0ng<br \/>\nLi\u00ean h\u1ec7<\/p>\n<p><img loading=\"lazy\" class=\"alignnone size-medium wp-image-2708\" src=\"http:\/\/kingkong-vietsu.com\/wp-content\/uploads\/2018\/03\/z922783080986_0656a0f8d9337ec2400209ed6aa77d76-675x900.jpg\" alt=\"\" width=\"675\" height=\"900\" srcset=\"https:\/\/kingkong-vietsu.com\/wp-content\/uploads\/2018\/03\/z922783080986_0656a0f8d9337ec2400209ed6aa77d76-675x900.jpg 675w, https:\/\/kingkong-vietsu.com\/wp-content\/uploads\/2018\/03\/z922783080986_0656a0f8d9337ec2400209ed6aa77d76-768x1024.jpg 768w, https:\/\/kingkong-vietsu.com\/wp-content\/uploads\/2018\/03\/z922783080986_0656a0f8d9337ec2400209ed6aa77d76.jpg 960w\" sizes=\"(max-width: 675px) 100vw, 675px\" \/><br \/>\n<img loading=\"lazy\" class=\"alignnone size-medium wp-image-2707\" src=\"http:\/\/kingkong-vietsu.com\/wp-content\/uploads\/2018\/03\/z922783078809_25d12f3a130fac1d45957ea5507c3fa1-675x900.jpg\" alt=\"\" width=\"675\" height=\"900\" srcset=\"https:\/\/kingkong-vietsu.com\/wp-content\/uploads\/2018\/03\/z922783078809_25d12f3a130fac1d45957ea5507c3fa1-675x900.jpg 675w, https:\/\/kingkong-vietsu.com\/wp-content\/uploads\/2018\/03\/z922783078809_25d12f3a130fac1d45957ea5507c3fa1.jpg 720w\" sizes=\"(max-width: 675px) 100vw, 675px\" \/><\/p>\n<p><img loading=\"lazy\" class=\"alignnone size-medium wp-image-2709\" src=\"http:\/\/kingkong-vietsu.com\/wp-content\/uploads\/2018\/03\/z922784607580_1694eea15b2981774cf12e0bfd39a710-864x900.jpg\" alt=\"\" width=\"864\" height=\"900\" srcset=\"https:\/\/kingkong-vietsu.com\/wp-content\/uploads\/2018\/03\/z922784607580_1694eea15b2981774cf12e0bfd39a710-864x900.jpg 864w, https:\/\/kingkong-vietsu.com\/wp-content\/uploads\/2018\/03\/z922784607580_1694eea15b2981774cf12e0bfd39a710-768x800.jpg 768w, https:\/\/kingkong-vietsu.com\/wp-content\/uploads\/2018\/03\/z922784607580_1694eea15b2981774cf12e0bfd39a710-983x1024.jpg 983w, https:\/\/kingkong-vietsu.com\/wp-content\/uploads\/2018\/03\/z922784607580_1694eea15b2981774cf12e0bfd39a710.jpg 1068w\" sizes=\"(max-width: 864px) 100vw, 864px\" \/>","protected":false},"excerpt":{"rendered":"<p>Xu\u1ea5t x\u1ee9: Vi\u1ec7t Nam<br \/>\n\u0110\u00f3ng g\u00f3i: Theo y\u00eau c\u1ea7u c\u1ee7a kh\u00e1ch h\u00e0ng<br \/>\nSize: Theo y\u00eau c\u1ea7u c\u1ee7a kh\u00e1ch h\u00e0ng<br \/>\nLi\u00ean h\u1ec7<\/p>\n<p>For further information, please feel free contact with us:<\/p>\n<ul>\n<li>KING KONG IMPORT EXPORT CO.,LTD<\/li>\n<li>Add: Sao Mai Building, 2nd floor, 66C Pho Duc Chinh<\/li>\n<li>Street, Nguyen Thai Binh Ward, Dist 1, Ho Chi Minh, VietNam<\/li>\n<li>Tel: +84 28 66502277 &#8211; HOTLINE: +84 906.999.620 (whatsapp\/viber)<\/li>\n<li>Skype: KINGKONG-VIETSU VIETNAM<\/li>\n<li>Email: sales@kingkong-vietsu.com<\/li>\n<li>Website: www.kingkong-vietsu.com<\/li>\n<\/ul>\n","protected":false},"featured_media":2902,"comment_status":"open","ping_status":"closed","template":"","meta":[],"_links":{"self":[{"href":"https:\/\/kingkong-vietsu.com\/vi\/wp-json\/wp\/v2\/product\/2714"}],"collection":[{"href":"https:\/\/kingkong-vietsu.com\/vi\/wp-json\/wp\/v2\/product"}],"about":[{"href":"https:\/\/kingkong-vietsu.com\/vi\/wp-json\/wp\/v2\/types\/product"}],"replies":[{"embeddable":true,"href":"https:\/\/kingkong-vietsu.com\/vi\/wp-json\/wp\/v2\/comments?post=2714"}],"wp:featuredmedia":[{"embeddable":true,"href":"https:\/\/kingkong-vietsu.com\/vi\/wp-json\/wp\/v2\/media\/2902"}],"wp:attachment":[{"href":"https:\/\/kingkong-vietsu.com\/vi\/wp-json\/wp\/v2\/media?parent=2714"}],"curies":[{"name":"wp","href":"https:\/\/api.w.org\/{rel}","templated":true}]}}